{"id":9,"date":"2019-06-05T23:26:52","date_gmt":"2019-06-05T22:26:52","guid":{"rendered":"https:\/\/94.126.169.152\/~patric24\/?page_id=9"},"modified":"2019-06-11T16:56:37","modified_gmt":"2019-06-11T15:56:37","slug":"pensamento","status":"publish","type":"page","link":"https:\/\/www.patriciaramos.pt\/","title":{"rendered":""},"content":{"rendered":"<div class=\"n2-section-smartslider fitvidsignore \" data-ssid=\"3\" tabindex=\"0\" role=\"region\" aria-label=\"Slider\"><div id=\"n2-ss-3-align\" class=\"n2-ss-align\"><div class=\"n2-padding\"><div id=\"n2-ss-3\" data-creator=\"Smart Slider 3\" data-responsive=\"auto\" class=\"n2-ss-slider n2-ow n2-has-hover n2notransition  \"><div class=\"n2-ss-slider-wrapper-inside\">\n        <div class=\"n2-ss-slider-1 n2_ss__touch_element n2-ow\">\n            <div class=\"n2-ss-slider-2 n2-ow\">\n                                                <div class=\"n2-ss-slider-3 n2-ow\">\n\n                    <div class=\"n2-ss-slide-backgrounds n2-ow-all\"><div class=\"n2-ss-slide-background\" data-public-id=\"1\" data-mode=\"fill\"><div class=\"n2-ss-slide-background-image\" data-blur=\"0\" data-opacity=\"100\" data-x=\"50\" data-y=\"50\" data-alt=\"\" data-title=\"\"><picture class=\"skip-lazy jetpack-lazy-image\" data-skip-lazy=\"1\"><img decoding=\"async\" src=\"\/\/www.patriciaramos.pt\/wp-content\/uploads\/2019\/06\/business-meeting-room-blue-website-header.jpg\" alt=\"\" title=\"\" loading=\"lazy\" class=\"skip-lazy jetpack-lazy-image\" data-skip-lazy=\"1\"><\/picture><\/div><div data-color=\"RGBA(255,255,255,0)\" style=\"background-color: RGBA(255,255,255,0);\" class=\"n2-ss-slide-background-color\"><\/div><\/div><div class=\"n2-ss-slide-background\" data-public-id=\"2\" data-mode=\"fill\" aria-hidden=\"true\"><div class=\"n2-ss-slide-background-image\" data-blur=\"0\" data-opacity=\"100\" data-x=\"50\" data-y=\"50\" data-alt=\"\" data-title=\"\"><picture class=\"skip-lazy jetpack-lazy-image\" data-skip-lazy=\"1\"><img decoding=\"async\" src=\"\/\/www.patriciaramos.pt\/wp-content\/uploads\/2019\/06\/tall-buildings-website-header.jpg\" alt=\"\" title=\"\" loading=\"lazy\" class=\"skip-lazy jetpack-lazy-image\" data-skip-lazy=\"1\"><\/picture><\/div><div data-color=\"RGBA(255,255,255,0)\" style=\"background-color: RGBA(255,255,255,0);\" class=\"n2-ss-slide-background-color\"><\/div><\/div><div class=\"n2-ss-slide-background\" data-public-id=\"3\" data-mode=\"fill\" aria-hidden=\"true\"><div class=\"n2-ss-slide-background-image\" data-blur=\"0\" data-opacity=\"100\" data-x=\"50\" data-y=\"50\" data-alt=\"\" data-title=\"\"><picture class=\"skip-lazy jetpack-lazy-image\" data-skip-lazy=\"1\"><img decoding=\"async\" src=\"\/\/www.patriciaramos.pt\/wp-content\/uploads\/2019\/06\/office-header-30530-1024x300.jpg\" alt=\"\" title=\"\" loading=\"lazy\" class=\"skip-lazy jetpack-lazy-image\" data-skip-lazy=\"1\"><\/picture><\/div><div data-color=\"RGBA(255,255,255,0)\" style=\"background-color: RGBA(255,255,255,0);\" class=\"n2-ss-slide-background-color\"><\/div><\/div><div class=\"n2-ss-slide-background\" data-public-id=\"4\" data-mode=\"fill\" aria-hidden=\"true\"><div class=\"n2-ss-slide-background-image\" data-blur=\"0\" data-opacity=\"100\" data-x=\"50\" data-y=\"50\" data-alt=\"\" data-title=\"\"><picture class=\"skip-lazy jetpack-lazy-image\" data-skip-lazy=\"1\"><img decoding=\"async\" src=\"\/\/www.patriciaramos.pt\/wp-content\/uploads\/2019\/06\/business-finance-charts-grey-web-header.jpg\" alt=\"\" title=\"\" loading=\"lazy\" class=\"skip-lazy jetpack-lazy-image\" data-skip-lazy=\"1\"><\/picture><\/div><div data-color=\"RGBA(255,255,255,0)\" style=\"background-color: RGBA(255,255,255,0);\" class=\"n2-ss-slide-background-color\"><\/div><\/div><div class=\"n2-ss-slide-background\" data-public-id=\"5\" data-mode=\"fill\" aria-hidden=\"true\"><div class=\"n2-ss-slide-background-image\" data-blur=\"0\" data-opacity=\"100\" data-x=\"50\" data-y=\"50\" data-alt=\"\" data-title=\"\"><picture class=\"skip-lazy jetpack-lazy-image\" data-skip-lazy=\"1\"><img decoding=\"async\" src=\"\/\/www.patriciaramos.pt\/wp-content\/uploads\/2019\/06\/business-budget-charts-and-graphs-web-header.jpg\" alt=\"\" title=\"\" loading=\"lazy\" class=\"skip-lazy jetpack-lazy-image\" data-skip-lazy=\"1\"><\/picture><\/div><div data-color=\"RGBA(255,255,255,0)\" style=\"background-color: RGBA(255,255,255,0);\" class=\"n2-ss-slide-background-color\"><\/div><\/div><\/div>                    <div class=\"n2-ss-slider-4 n2-ow\">\n                        <svg xmlns=\"http:\/\/www.w3.org\/2000\/svg\" viewBox=\"0 0 1200 500\" data-related-device=\"desktopPortrait\" class=\"n2-ow n2-ss-preserve-size n2-ss-preserve-size--slider n2-ss-slide-limiter\"><\/svg><div data-first=\"1\" data-slide-duration=\"0\" data-id=\"4\" data-slide-public-id=\"1\" data-title=\"business-meeting-room-blue-website-header\" class=\"n2-ss-slide n2-ow  n2-ss-slide-4\"><div role=\"note\" class=\"n2-ss-slide--focus\" tabindex=\"-1\">business-meeting-room-blue-website-header<\/div><div class=\"n2-ss-layers-container n2-ss-slide-limiter n2-ow\"><div class=\"n2-ss-layer n2-ow n-uc-bKqyNHqqqIAi\" data-sstype=\"slide\" data-pm=\"default\"><div class=\"n2-ss-layer n2-ow n-uc-AKNZbjXaxjjJ\" data-pm=\"default\" data-sstype=\"content\" data-hasbackground=\"0\"><div class=\"n2-ss-section-main-content n2-ss-layer-with-background n2-ss-layer-content n2-ow n-uc-AKNZbjXaxjjJ-inner\"><div class=\"n2-ss-layer n2-ow n-uc-H9qKwEZryXU1\" data-pm=\"normal\" data-sstype=\"layer\"><div id=\"n2-ss-3item1\" class=\"n2-font-fef5419fabd070db24202adc76e63e03-hover n2-style-4fc5a487a60504a4b56ecf1c010e8dca-heading   n2-ss-item-content n2-ss-text n2-ow\" style=\"display:block;\">Consultoria<\/div><\/div><div class=\"n2-ss-layer n2-ow n-uc-1USkWizZkOFE\" data-pm=\"normal\" data-sstype=\"layer\"><div id=\"n2-ss-3item2\" class=\"n2-font-cbc415c673c4cc8a14aaf669569ee221-hover n2-style-49e567022f68a79c82c329f0a539c51f-heading   n2-ss-item-content n2-ss-text n2-ow\" style=\"display:block;\">&#8211; Planeamento Fiscal<br>&#8211; Estimativa de Resultados Fiscais<br>&#8211; Enquadramento Fiscal<\/div><\/div><\/div><\/div><\/div><\/div><\/div><div data-slide-duration=\"0\" data-id=\"6\" data-slide-public-id=\"2\" aria-hidden=\"true\" data-title=\"tall-buildings-website-header\" class=\"n2-ss-slide n2-ow  n2-ss-slide-6\"><div role=\"note\" class=\"n2-ss-slide--focus\" tabindex=\"-1\">tall-buildings-website-header<\/div><div class=\"n2-ss-layers-container n2-ss-slide-limiter n2-ow\"><div class=\"n2-ss-layer n2-ow n-uc-9fGQG289VhtA\" data-sstype=\"slide\" data-pm=\"default\"><div class=\"n2-ss-layer n2-ow n-uc-Y8i7TKJqtUzr\" data-pm=\"default\" data-sstype=\"content\" data-hasbackground=\"0\"><div class=\"n2-ss-section-main-content n2-ss-layer-with-background n2-ss-layer-content n2-ow n-uc-Y8i7TKJqtUzr-inner\"><div class=\"n2-ss-layer n2-ow n-uc-J8PlLkRejOgl\" data-pm=\"normal\" data-sstype=\"layer\"><div id=\"n2-ss-3item3\" class=\"n2-font-fef5419fabd070db24202adc76e63e03-hover n2-style-4fc5a487a60504a4b56ecf1c010e8dca-heading   n2-ss-item-content n2-ss-text n2-ow\" style=\"display:block;\">Projectos Investimento<\/div><\/div><\/div><\/div><\/div><\/div><\/div><div data-slide-duration=\"0\" data-id=\"5\" data-slide-public-id=\"3\" aria-hidden=\"true\" data-title=\"office-header-30530-1024x300\" class=\"n2-ss-slide n2-ow  n2-ss-slide-5\"><div role=\"note\" class=\"n2-ss-slide--focus\" tabindex=\"-1\">office-header-30530-1024&#215;300<\/div><div class=\"n2-ss-layers-container n2-ss-slide-limiter n2-ow\"><div class=\"n2-ss-layer n2-ow n-uc-1rBzICuAzw5t\" data-sstype=\"slide\" data-pm=\"default\"><div class=\"n2-ss-layer n2-ow n-uc-EFmXQ9gEQyAq\" data-pm=\"default\" data-sstype=\"content\" data-hasbackground=\"0\"><div class=\"n2-ss-section-main-content n2-ss-layer-with-background n2-ss-layer-content n2-ow n-uc-EFmXQ9gEQyAq-inner\"><div class=\"n2-ss-layer n2-ow n-uc-O4K7cUr3WIAc\" data-pm=\"normal\" data-sstype=\"layer\"><div id=\"n2-ss-3item4\" class=\"n2-font-fef5419fabd070db24202adc76e63e03-hover n2-style-4fc5a487a60504a4b56ecf1c010e8dca-heading   n2-ss-item-content n2-ss-text n2-ow\" style=\"display:block;\">Documenta\u00e7\u00e3o<\/div><\/div><div class=\"n2-ss-layer n2-ow n-uc-jSYuo11qrcfm\" data-pm=\"normal\" data-sstype=\"layer\"><div id=\"n2-ss-3item5\" class=\"n2-font-c44ca48dc5a698492e1ae85c3524e106-hover n2-style-49e567022f68a79c82c329f0a539c51f-heading   n2-ss-item-content n2-ss-text n2-ow\" style=\"display:block;\">&#8211; Constitui\u00e7\u00e3o sociedades<br>&#8211; Documenta\u00e7\u00e3o autom\u00f3vel<br>&#8211; Registo de marcas, patentes e alvar\u00e1s<\/div><\/div><\/div><\/div><\/div><\/div><\/div><div data-slide-duration=\"0\" data-id=\"11\" data-slide-public-id=\"4\" aria-hidden=\"true\" data-title=\"business-finance-charts-grey-web-header\" class=\"n2-ss-slide n2-ow  n2-ss-slide-11\"><div role=\"note\" class=\"n2-ss-slide--focus\" tabindex=\"-1\">business-finance-charts-grey-web-header<\/div><div class=\"n2-ss-layers-container n2-ss-slide-limiter n2-ow\"><div class=\"n2-ss-layer n2-ow n-uc-6GIceDaLVK8N\" data-sstype=\"slide\" data-pm=\"default\"><div class=\"n2-ss-layer n2-ow n-uc-CTDnh9y0jiip\" data-pm=\"default\" data-sstype=\"content\" data-hasbackground=\"0\"><div class=\"n2-ss-section-main-content n2-ss-layer-with-background n2-ss-layer-content n2-ow n-uc-CTDnh9y0jiip-inner\"><div class=\"n2-ss-layer n2-ow n-uc-KYUqgmWpNafK\" data-pm=\"normal\" data-sstype=\"layer\"><div id=\"n2-ss-3item6\" class=\"n2-font-fef5419fabd070db24202adc76e63e03-hover n2-style-4fc5a487a60504a4b56ecf1c010e8dca-heading   n2-ss-item-content n2-ss-text n2-ow\" style=\"display:block;\">Contabilidade<\/div><\/div><div class=\"n2-ss-layer n2-ow n-uc-tdKwIGIURBLS\" data-pm=\"normal\" data-sstype=\"layer\"><div id=\"n2-ss-3item7\" class=\"n2-font-c44ca48dc5a698492e1ae85c3524e106-hover n2-style-49e567022f68a79c82c329f0a539c51f-heading   n2-ss-item-content n2-ss-text n2-ow\" style=\"display:block;\">&#8211; Empres\u00e1rio em nome individual<br>&#8211; Contabilidade organizada<br>&#8211; Sociedades<\/div><\/div><\/div><\/div><\/div><\/div><\/div><div data-slide-duration=\"0\" data-id=\"7\" data-slide-public-id=\"5\" aria-hidden=\"true\" data-title=\"business-budget-charts-and-graphs-web-header\" class=\"n2-ss-slide n2-ow  n2-ss-slide-7\"><div role=\"note\" class=\"n2-ss-slide--focus\" tabindex=\"-1\">business-budget-charts-and-graphs-web-header<\/div><div class=\"n2-ss-layers-container n2-ss-slide-limiter n2-ow\"><div class=\"n2-ss-layer n2-ow n-uc-Yd5Sh4JCE0SE\" data-sstype=\"slide\" data-pm=\"default\"><div class=\"n2-ss-layer n2-ow n-uc-7sMQGpz2GEe8\" data-pm=\"default\" data-sstype=\"content\" data-hasbackground=\"0\"><div class=\"n2-ss-section-main-content n2-ss-layer-with-background n2-ss-layer-content n2-ow n-uc-7sMQGpz2GEe8-inner\"><div class=\"n2-ss-layer n2-ow n-uc-pTUhzuWubgd3\" data-pm=\"normal\" data-sstype=\"layer\"><div id=\"n2-ss-3item8\" class=\"n2-font-fef5419fabd070db24202adc76e63e03-hover n2-style-4fc5a487a60504a4b56ecf1c010e8dca-heading   n2-ss-item-content n2-ss-text n2-ow\" style=\"display:block;\">Fiscalidade<\/div><\/div><div class=\"n2-ss-layer n2-ow n-uc-0RzmtXamNKdE\" data-pm=\"normal\" data-sstype=\"layer\"><div id=\"n2-ss-3item9\" class=\"n2-font-c44ca48dc5a698492e1ae85c3524e106-hover n2-style-49e567022f68a79c82c329f0a539c51f-heading   n2-ss-item-content n2-ss-text n2-ow\" style=\"display:block;\">&#8211; IRS<br>&#8211; IRC<br>&#8211; Relat\u00f3rios de gest\u00e3o<br>&#8211; Sal\u00e1rios<br>&#8211; Seguran\u00e7a social<\/div><\/div><\/div><\/div><\/div><\/div><\/div>                    <\/div>\n\n                                    <\/div>\n            <\/div>\n        <\/div>\n        <div class=\"n2-ss-slider-controls n2-ss-slider-controls-absolute-left-center\"><div style=\"--widget-offset:15px;\" class=\"n2-ss-widget nextend-arrow n2-ow-all nextend-arrow-previous  nextend-arrow-animated-fade\" data-hide-mobileportrait=\"1\" id=\"n2-ss-3-arrow-previous\" role=\"button\" aria-label=\"previous arrow\" tabindex=\"0\"><img loading=\"lazy\" decoding=\"async\" width=\"32\" height=\"32\" class=\"skip-lazy jetpack-lazy-image\" data-skip-lazy=\"1\" src=\"data:image\/svg+xml;base64,PHN2ZyB3aWR0aD0iMzIiIGhlaWdodD0iMzIiIHZpZXdCb3g9IjAgMCAzMiAzMiIgeG1sbnM9Imh0dHA6Ly93d3cudzMub3JnLzIwMDAvc3ZnIj4KICAgIDxwYXRoIGQ9Ik0xMS40MzMgMTUuOTkyTDIyLjY5IDUuNzEyYy4zOTMtLjM5LjM5My0xLjAzIDAtMS40Mi0uMzkzLS4zOS0xLjAzLS4zOS0xLjQyMyAwbC0xMS45OCAxMC45NGMtLjIxLjIxLS4zLjQ5LS4yODUuNzYtLjAxNS4yOC4wNzUuNTYuMjg0Ljc3bDExLjk4IDEwLjk0Yy4zOTMuMzkgMS4wMy4zOSAxLjQyNCAwIC4zOTMtLjQuMzkzLTEuMDMgMC0xLjQybC0xMS4yNTctMTAuMjkiCiAgICAgICAgICBmaWxsPSIjZmZmZmZmIiBvcGFjaXR5PSIwLjgiIGZpbGwtcnVsZT0iZXZlbm9kZCIvPgo8L3N2Zz4=\" alt=\"previous arrow\"><\/div><\/div><div class=\"n2-ss-slider-controls n2-ss-slider-controls-absolute-right-center\"><div style=\"--widget-offset:15px;\" class=\"n2-ss-widget nextend-arrow n2-ow-all nextend-arrow-next  nextend-arrow-animated-fade\" data-hide-mobileportrait=\"1\" id=\"n2-ss-3-arrow-next\" role=\"button\" aria-label=\"next arrow\" tabindex=\"0\"><img loading=\"lazy\" decoding=\"async\" width=\"32\" height=\"32\" class=\"skip-lazy jetpack-lazy-image\" data-skip-lazy=\"1\" src=\"data:image\/svg+xml;base64,PHN2ZyB3aWR0aD0iMzIiIGhlaWdodD0iMzIiIHZpZXdCb3g9IjAgMCAzMiAzMiIgeG1sbnM9Imh0dHA6Ly93d3cudzMub3JnLzIwMDAvc3ZnIj4KICAgIDxwYXRoIGQ9Ik0xMC43MjIgNC4yOTNjLS4zOTQtLjM5LTEuMDMyLS4zOS0xLjQyNyAwLS4zOTMuMzktLjM5MyAxLjAzIDAgMS40MmwxMS4yODMgMTAuMjgtMTEuMjgzIDEwLjI5Yy0uMzkzLjM5LS4zOTMgMS4wMiAwIDEuNDIuMzk1LjM5IDEuMDMzLjM5IDEuNDI3IDBsMTIuMDA3LTEwLjk0Yy4yMS0uMjEuMy0uNDkuMjg0LS43Ny4wMTQtLjI3LS4wNzYtLjU1LS4yODYtLjc2TDEwLjcyIDQuMjkzeiIKICAgICAgICAgIGZpbGw9IiNmZmZmZmYiIG9wYWNpdHk9IjAuOCIgZmlsbC1ydWxlPSJldmVub2RkIi8+Cjwvc3ZnPg==\" alt=\"next arrow\"><\/div><\/div><\/div><\/div><ss3-loader><\/ss3-loader><\/div><\/div><div class=\"n2_clear\"><\/div><\/div>\n\n\n<h1 class=\"wp-block-heading\" style=\"text-align:center\"><em>Pensamento<\/em><\/h1>\n\n\n\n<blockquote style=\"text-align:left\" class=\"wp-block-quote is-style-large is-layout-flow wp-block-quote-is-layout-flow\"><p>&#8220;P<strong>or mais poderosos e bem pagos que sejam, os gestores contratados contam menos para o desenvolvimento econ\u00f3mico do que os verdadeiros empres\u00e1rios, mesmo modestos. Lan\u00e7ar ou tomar conta de um neg\u00f3cio exige capacidade de iniciativa e de assumir riscos<\/strong>&#8220;<\/p><cite><strong>Autor:&nbsp;<\/strong>Sarsfield Cabral&nbsp;<br><strong>Fonte:&nbsp;<\/strong>Di\u00e1rio de Noticias&nbsp;<br><strong>Enviada em:&nbsp;<\/strong>20040903<\/cite><\/blockquote>\n","protected":false},"excerpt":{"rendered":"<p>Pensamento &#8220;Por mais poderosos e bem pagos que sejam, os gestores contratados contam menos para o desenvolvimento econ\u00f3mico do que os verdadeiros empres\u00e1rios, mesmo modestos. Lan\u00e7ar ou tomar conta de um neg\u00f3cio exige capacidade de iniciativa e de assumir riscos&#8220; Autor:&nbsp;Sarsfield Cabral&nbsp;Fonte:&nbsp;Di\u00e1rio de Noticias&nbsp;Enviada em:&nbsp;20040903<\/p>\n","protected":false},"author":1,"featured_media":0,"parent":0,"menu_order":0,"comment_status":"closed","ping_status":"closed","template":"","meta":{"footnotes":""},"class_list":["post-9","page","type-page","status-publish","hentry"],"jetpack_sharing_enabled":true,"_links":{"self":[{"href":"https:\/\/www.patriciaramos.pt\/index.php?rest_route=\/wp\/v2\/pages\/9","targetHints":{"allow":["GET"]}}],"collection":[{"href":"https:\/\/www.patriciaramos.pt\/index.php?rest_route=\/wp\/v2\/pages"}],"about":[{"href":"https:\/\/www.patriciaramos.pt\/index.php?rest_route=\/wp\/v2\/types\/page"}],"author":[{"embeddable":true,"href":"https:\/\/www.patriciaramos.pt\/index.php?rest_route=\/wp\/v2\/users\/1"}],"replies":[{"embeddable":true,"href":"https:\/\/www.patriciaramos.pt\/index.php?rest_route=%2Fwp%2Fv2%2Fcomments&post=9"}],"version-history":[{"count":10,"href":"https:\/\/www.patriciaramos.pt\/index.php?rest_route=\/wp\/v2\/pages\/9\/revisions"}],"predecessor-version":[{"id":134,"href":"https:\/\/www.patriciaramos.pt\/index.php?rest_route=\/wp\/v2\/pages\/9\/revisions\/134"}],"wp:attachment":[{"href":"https:\/\/www.patriciaramos.pt\/index.php?rest_route=%2Fwp%2Fv2%2Fmedia&parent=9"}],"curies":[{"name":"wp","href":"https:\/\/api.w.org\/{rel}","templated":true}]}}