{"id":61,"date":"2019-06-06T21:45:42","date_gmt":"2019-06-06T20:45:42","guid":{"rendered":"https:\/\/94.126.169.152\/~patric24\/?page_id=61"},"modified":"2019-06-11T22:50:06","modified_gmt":"2019-06-11T21:50:06","slug":"recursos-humanos","status":"publish","type":"page","link":"https:\/\/www.patriciaramos.pt\/?page_id=61","title":{"rendered":"Recursos Humanos"},"content":{"rendered":"\n<p><img loading=\"lazy\" decoding=\"async\" width=\"25\" height=\"21\" scale=\"0\" class=\"wp-image-16\" style=\"width: 25px;\" src=\"https:\/\/www.patriciaramos.ptwp-content\/uploads\/2019\/06\/Patr\u00a1cia_Ramos_Torre.ico\" alt=\"\"> Redac\u00e7\u00e3o de Contratos de Trabalho<\/p>\n\n\n\n<p><img loading=\"lazy\" decoding=\"async\" width=\"25\" height=\"21\" scale=\"0\" class=\"wp-image-16\" style=\"width: 25px;\" src=\"https:\/\/www.patriciaramos.ptwp-content\/uploads\/2019\/06\/Patr\u00a1cia_Ramos_Torre.ico\" alt=\"\"> Cria\u00e7\u00e3o de Fichas de funcion\u00e1rios&nbsp;<\/p>\n\n\n\n<p><img loading=\"lazy\" decoding=\"async\" width=\"25\" height=\"21\" scale=\"0\" class=\"wp-image-16\" style=\"width: 25px;\" src=\"https:\/\/www.patriciaramos.ptwp-content\/uploads\/2019\/06\/Patr\u00a1cia_Ramos_Torre.ico\" alt=\"\"> Processamento mensal de vencimentos<\/p>\n\n\n\n<p><img loading=\"lazy\" decoding=\"async\" width=\"25\" height=\"21\" class=\"wp-image-16\" style=\"width: 25px;\" src=\"https:\/\/www.patriciaramos.ptwp-content\/uploads\/2019\/06\/Patr\u00a1cia_Ramos_Torre.ico\" alt=\"\"> Mapas e Guias de pagamento&nbsp; da Seguran\u00e7a Social&nbsp;<\/p>\n\n\n\n<p><img loading=\"lazy\" decoding=\"async\" width=\"25\" height=\"21\" scale=\"0\" class=\"wp-image-16\" style=\"width: 25px;\" src=\"https:\/\/www.patriciaramos.ptwp-content\/uploads\/2019\/06\/Patr\u00a1cia_Ramos_Torre.ico\" alt=\"\"> Preenchimento dos modelos de reten\u00e7\u00e3o IRS \/ IRC<\/p>\n\n\n\n<p><img loading=\"lazy\" decoding=\"async\" width=\"25\" height=\"21\" scale=\"0\" class=\"wp-image-16\" style=\"width: 25px;\" src=\"https:\/\/www.patriciaramos.ptwp-content\/uploads\/2019\/06\/Patr\u00a1cia_Ramos_Torre.ico\" alt=\"\"> Relat\u00f3rio \u00danico\u00a0<\/p>\n\n\n\n<p><img loading=\"lazy\" decoding=\"async\" width=\"25\" height=\"21\" scale=\"0\" class=\"wp-image-16\" style=\"width: 25px;\" src=\"https:\/\/www.patriciaramos.ptwp-content\/uploads\/2019\/06\/Patr\u00a1cia_Ramos_Torre.ico\" alt=\"\"> Mapas para Bancos e Seguros<\/p>\n\n\n\n<p><img loading=\"lazy\" decoding=\"async\" width=\"25\" height=\"21\" class=\"wp-image-16\" style=\"width: 25px;\" src=\"https:\/\/www.patriciaramos.ptwp-content\/uploads\/2019\/06\/Patr\u00a1cia_Ramos_Torre.ico\" alt=\"\"> Balan\u00e7o Social&nbsp;<\/p>\n\n\n\n<p><img loading=\"lazy\" decoding=\"async\" width=\"25\" height=\"21\" scale=\"0\" class=\"wp-image-16\" style=\"width: 25px;\" src=\"https:\/\/www.patriciaramos.ptwp-content\/uploads\/2019\/06\/Patr\u00a1cia_Ramos_Torre.ico\" alt=\"\"> Declara\u00e7\u00f5es Anuais de Rendimento<\/p>\n","protected":false},"excerpt":{"rendered":"<p>Redac\u00e7\u00e3o de Contratos de Trabalho Cria\u00e7\u00e3o de Fichas de funcion\u00e1rios&nbsp; Processamento mensal de vencimentos Mapas e Guias de pagamento&nbsp; da Seguran\u00e7a Social&nbsp; Preenchimento dos modelos de reten\u00e7\u00e3o IRS \/ IRC Relat\u00f3rio \u00danico\u00a0 Mapas para Bancos e Seguros Balan\u00e7o Social&nbsp; Declara\u00e7\u00f5es Anuais de Rendimento<\/p>\n","protected":false},"author":1,"featured_media":0,"parent":57,"menu_order":0,"comment_status":"closed","ping_status":"closed","template":"","meta":{"footnotes":""},"class_list":["post-61","page","type-page","status-publish","hentry"],"jetpack_sharing_enabled":true,"_links":{"self":[{"href":"https:\/\/www.patriciaramos.pt\/index.php?rest_route=\/wp\/v2\/pages\/61","targetHints":{"allow":["GET"]}}],"collection":[{"href":"https:\/\/www.patriciaramos.pt\/index.php?rest_route=\/wp\/v2\/pages"}],"about":[{"href":"https:\/\/www.patriciaramos.pt\/index.php?rest_route=\/wp\/v2\/types\/page"}],"author":[{"embeddable":true,"href":"https:\/\/www.patriciaramos.pt\/index.php?rest_route=\/wp\/v2\/users\/1"}],"replies":[{"embeddable":true,"href":"https:\/\/www.patriciaramos.pt\/index.php?rest_route=%2Fwp%2Fv2%2Fcomments&post=61"}],"version-history":[{"count":5,"href":"https:\/\/www.patriciaramos.pt\/index.php?rest_route=\/wp\/v2\/pages\/61\/revisions"}],"predecessor-version":[{"id":152,"href":"https:\/\/www.patriciaramos.pt\/index.php?rest_route=\/wp\/v2\/pages\/61\/revisions\/152"}],"up":[{"embeddable":true,"href":"https:\/\/www.patriciaramos.pt\/index.php?rest_route=\/wp\/v2\/pages\/57"}],"wp:attachment":[{"href":"https:\/\/www.patriciaramos.pt\/index.php?rest_route=%2Fwp%2Fv2%2Fmedia&parent=61"}],"curies":[{"name":"wp","href":"https:\/\/api.w.org\/{rel}","templated":true}]}}