{"id":55,"date":"2019-06-06T21:44:22","date_gmt":"2019-06-06T20:44:22","guid":{"rendered":"https:\/\/94.126.169.152\/~patric24\/?page_id=55"},"modified":"2019-06-11T22:46:47","modified_gmt":"2019-06-11T21:46:47","slug":"pessoal","status":"publish","type":"page","link":"https:\/\/www.patriciaramos.pt\/?page_id=55","title":{"rendered":"Pessoal"},"content":{"rendered":"\n<p>A qualifica\u00e7\u00e3o,dedica\u00e7\u00e3o, idoneidade e compet\u00eancia das pessoas que trabalham no escrit\u00f3rio&nbsp;<strong>Patricia Ramos &#8211; Contabilidade e Consultoria<\/strong>&nbsp;s\u00e3o o factor de competitividade.<\/p>\n\n\n\n<p><strong>Patricia Ramos &#8211; Contabilidade e Consultoria<\/strong>\u00a0disp\u00f5e de uma\u00a0<strong>Licenciada em Economia\u00a0<\/strong>sendo a contabilista certificada, trabalhando em parceria com a empresa\u00a0<strong><a href=\"https:\/\/torreconta.pt\">TORRECONTA<\/a><\/strong>\u00a0de Ad\u00e9lia Ramos.<\/p>\n\n\n\n<p>A empresa de modo a prestar um bom servi\u00e7o aos seus clientes mant\u00e9m uma actualiza\u00e7\u00e3o constante&#8230;<\/p>\n\n\n\n<p><img loading=\"lazy\" decoding=\"async\" width=\"25\" height=\"21\" scale=\"0\" class=\"wp-image-16\" style=\"width: 25px;\" src=\"https:\/\/www.patriciaramos.ptwp-content\/uploads\/2019\/06\/Patr\u00a1cia_Ramos_Torre.ico\" alt=\"\"> <a href=\"http:\/\/www.ordemeconomistas.pt\">Ordem dos Economistas<\/a><\/p>\n\n\n\n<p><img loading=\"lazy\" decoding=\"async\" width=\"25\" height=\"21\" scale=\"0\" class=\"wp-image-16\" style=\"width: 25px;\" src=\"https:\/\/www.patriciaramos.ptwp-content\/uploads\/2019\/06\/Patr\u00a1cia_Ramos_Torre.ico\" alt=\"\"> C<a href=\"https:\/\/www.occ.pt\">\u00e2mara Oficial de T\u00e9cnicos Oficiais de Contas<\/a><\/p>\n\n\n\n<p><img loading=\"lazy\" decoding=\"async\" width=\"25\" height=\"21\" scale=\"0\" class=\"wp-image-16\" style=\"width: 25px;\" src=\"https:\/\/www.patriciaramos.ptwp-content\/uploads\/2019\/06\/Patr\u00a1cia_Ramos_Torre.ico\" alt=\"\"> <a href=\"http:\/\/www.apotec.pt\">APOTEC &#8211; Associa\u00e7\u00e3o Portuguesa T\u00e9cnicos Oficiais de Contas<\/a><\/p>\n\n\n\n<p><img loading=\"lazy\" decoding=\"async\" width=\"25\" height=\"21\" scale=\"0\" class=\"wp-image-16\" style=\"width: 25px;\" src=\"https:\/\/www.patriciaramos.ptwp-content\/uploads\/2019\/06\/Patr\u00a1cia_Ramos_Torre.ico\" alt=\"\"> <a href=\"https:\/\/www.apeca.pt\">APECA &#8211; Associa\u00e7\u00e3o Portuguesa de Empresas Contabilidade e Administra\u00e7\u00e3o<\/a><\/p>\n","protected":false},"excerpt":{"rendered":"<p>A qualifica\u00e7\u00e3o,dedica\u00e7\u00e3o, idoneidade e compet\u00eancia das pessoas que trabalham no escrit\u00f3rio&nbsp;Patricia Ramos &#8211; Contabilidade e Consultoria&nbsp;s\u00e3o o factor de competitividade. Patricia Ramos &#8211; Contabilidade e Consultoria\u00a0disp\u00f5e de uma\u00a0Licenciada em Economia\u00a0sendo a contabilista certificada, trabalhando em parceria com a empresa\u00a0TORRECONTA\u00a0de Ad\u00e9lia Ramos. A empresa de modo a prestar um bom servi\u00e7o aos seus clientes mant\u00e9m uma<span class=\"excerpt-ellipsis\">&#8230;<\/span><\/p>\n<p><a class=\"more-link\" href=\"https:\/\/www.patriciaramos.pt\/?page_id=55\" itemprop=\"url\">Continue Reading<\/a><\/p>\n","protected":false},"author":1,"featured_media":0,"parent":0,"menu_order":0,"comment_status":"closed","ping_status":"closed","template":"","meta":{"footnotes":""},"class_list":["post-55","page","type-page","status-publish","hentry"],"jetpack_sharing_enabled":true,"_links":{"self":[{"href":"https:\/\/www.patriciaramos.pt\/index.php?rest_route=\/wp\/v2\/pages\/55","targetHints":{"allow":["GET"]}}],"collection":[{"href":"https:\/\/www.patriciaramos.pt\/index.php?rest_route=\/wp\/v2\/pages"}],"about":[{"href":"https:\/\/www.patriciaramos.pt\/index.php?rest_route=\/wp\/v2\/types\/page"}],"author":[{"embeddable":true,"href":"https:\/\/www.patriciaramos.pt\/index.php?rest_route=\/wp\/v2\/users\/1"}],"replies":[{"embeddable":true,"href":"https:\/\/www.patriciaramos.pt\/index.php?rest_route=%2Fwp%2Fv2%2Fcomments&post=55"}],"version-history":[{"count":3,"href":"https:\/\/www.patriciaramos.pt\/index.php?rest_route=\/wp\/v2\/pages\/55\/revisions"}],"predecessor-version":[{"id":149,"href":"https:\/\/www.patriciaramos.pt\/index.php?rest_route=\/wp\/v2\/pages\/55\/revisions\/149"}],"wp:attachment":[{"href":"https:\/\/www.patriciaramos.pt\/index.php?rest_route=%2Fwp%2Fv2%2Fmedia&parent=55"}],"curies":[{"name":"wp","href":"https:\/\/api.w.org\/{rel}","templated":true}]}}